{"id":505,"date":"2021-06-15T16:42:40","date_gmt":"2021-06-15T14:42:40","guid":{"rendered":"http:\/\/www.taitohoito.fi\/?page_id=505"},"modified":"2021-09-07T16:18:36","modified_gmt":"2021-09-07T14:18:36","slug":"siivousuus","status":"publish","type":"page","link":"https:\/\/www.taitohoito.fi\/?page_id=505","title":{"rendered":"Siivous ja kodinhoito"},"content":{"rendered":"\t\t<div data-elementor-type=\"wp-page\" data-elementor-id=\"505\" class=\"elementor elementor-505\">\n\t\t\t\t\t\t<div class=\"elementor-inner\">\n\t\t\t\t<div class=\"elementor-section-wrap\">\n\t\t\t\t\t\t\t\t\t<section class=\"elementor-section elementor-top-section elementor-element elementor-element-a3e282e elementor-section-full_width elementor-section-height-default elementor-section-height-default elementor-invisible\" data-id=\"a3e282e\" data-element_type=\"section\" data-settings=\"{&quot;background_background&quot;:&quot;classic&quot;,&quot;animation&quot;:&quot;fadeIn&quot;}\">\n\t\t\t\t\t\t\t<div class=\"elementor-background-overlay\"><\/div>\n\t\t\t\t\t\t\t<div class=\"elementor-container elementor-column-gap-default\">\n\t\t\t\t\t\t\t<div class=\"elementor-row\">\n\t\t\t\t\t<div class=\"elementor-column elementor-col-100 elementor-top-column elementor-element elementor-element-83b8b84\" data-id=\"83b8b84\" data-element_type=\"column\" data-settings=\"{&quot;background_background&quot;:&quot;classic&quot;}\">\n\t\t\t<div class=\"elementor-column-wrap elementor-element-populated\">\n\t\t\t\t\t\t\t<div class=\"elementor-widget-wrap\">\n\t\t\t\t\t\t<div class=\"elementor-element elementor-element-2c91a9d elementor-widget elementor-widget-heading\" data-id=\"2c91a9d\" data-element_type=\"widget\" data-widget_type=\"heading.default\">\n\t\t\t\t<div class=\"elementor-widget-container\">\n\t\t\t<h2 class=\"elementor-heading-title elementor-size-default\">Siivous ja kodinhoito<\/h2>\t\t<\/div>\n\t\t\t\t<\/div>\n\t\t\t\t<div class=\"elementor-element elementor-element-25b2cc3 elementor-widget elementor-widget-text-editor\" data-id=\"25b2cc3\" data-element_type=\"widget\" data-widget_type=\"text-editor.default\">\n\t\t\t\t<div class=\"elementor-widget-container\">\n\t\t\t\t\t\t\t\t<div class=\"elementor-text-editor elementor-clearfix\">\n\t\t\t\t<h2>Mukavaa el\u00e4m\u00e4\u00e4 siistiss\u00e4 kodissa<\/h2>\t\t\t\t\t<\/div>\n\t\t\t\t\t\t<\/div>\n\t\t\t\t<\/div>\n\t\t\t\t\t\t<\/div>\n\t\t\t\t\t<\/div>\n\t\t<\/div>\n\t\t\t\t\t\t\t\t<\/div>\n\t\t\t\t\t<\/div>\n\t\t<\/section>\n\t\t\t\t<section class=\"elementor-section elementor-top-section elementor-element elementor-element-47e3fba elementor-section-boxed elementor-section-height-default elementor-section-height-default\" data-id=\"47e3fba\" data-element_type=\"section\">\n\t\t\t\t\t\t<div class=\"elementor-container elementor-column-gap-default\">\n\t\t\t\t\t\t\t<div class=\"elementor-row\">\n\t\t\t\t\t<div class=\"elementor-column elementor-col-50 elementor-top-column elementor-element elementor-element-9da3c5a\" data-id=\"9da3c5a\" data-element_type=\"column\" data-settings=\"{&quot;background_background&quot;:&quot;classic&quot;}\">\n\t\t\t<div class=\"elementor-column-wrap elementor-element-populated\">\n\t\t\t\t\t\t\t<div class=\"elementor-widget-wrap\">\n\t\t\t\t\t\t<div class=\"elementor-element elementor-element-a6953e7 elementor-widget elementor-widget-heading\" data-id=\"a6953e7\" data-element_type=\"widget\" data-widget_type=\"heading.default\">\n\t\t\t\t<div class=\"elementor-widget-container\">\n\t\t\t<h2 class=\"elementor-heading-title elementor-size-default\">Koti puhtaaksi<\/h2>\t\t<\/div>\n\t\t\t\t<\/div>\n\t\t\t\t<div class=\"elementor-element elementor-element-bd5aa85 elementor-widget elementor-widget-text-editor\" data-id=\"bd5aa85\" data-element_type=\"widget\" data-widget_type=\"text-editor.default\">\n\t\t\t\t<div class=\"elementor-widget-container\">\n\t\t\t\t\t\t\t\t<div class=\"elementor-text-editor elementor-clearfix\">\n\t\t\t\t<p>Siisteys on sek\u00e4 hygieenist\u00e4, ett\u00e4 silm\u00e4\u00e4 miellytt\u00e4v\u00e4\u00e4. Siivouspalvelut ennaltaehk\u00e4isev\u00e4t monia sairauksia, joille olisi muuten suurempi riski altistua kertyneen lian ja p\u00f6lyn takia. Monesti vanhuksilla tai vammaisilla asiakkailla on vaikeuksia yll\u00e4pit\u00e4\u00e4 kodin siisteytt\u00e4, joten siivouspalvelujen tavoitteena onkin helpottaa asiakkaan kodinhoidon taakkaa ja auttaa vaikeammissa siivousteht\u00e4viss\u00e4. Tarjoamme siivouspalveluja yleisesti kaikille tarvitseville, mukaan lukien yritysasiakkaille.<\/p>\t\t\t\t\t<\/div>\n\t\t\t\t\t\t<\/div>\n\t\t\t\t<\/div>\n\t\t\t\t\t\t<\/div>\n\t\t\t\t\t<\/div>\n\t\t<\/div>\n\t\t\t\t<div class=\"elementor-column elementor-col-50 elementor-top-column elementor-element elementor-element-d2109e8\" data-id=\"d2109e8\" data-element_type=\"column\" data-settings=\"{&quot;background_background&quot;:&quot;classic&quot;}\">\n\t\t\t<div class=\"elementor-column-wrap elementor-element-populated\">\n\t\t\t\t\t\t\t<div class=\"elementor-widget-wrap\">\n\t\t\t\t\t\t<div class=\"elementor-element elementor-element-23b6e09 elementor-widget elementor-widget-heading\" data-id=\"23b6e09\" data-element_type=\"widget\" data-widget_type=\"heading.default\">\n\t\t\t\t<div class=\"elementor-widget-container\">\n\t\t\t<h2 class=\"elementor-heading-title elementor-size-default\">R\u00e4\u00e4t\u00e4l\u00f6ity kokonaisuus<\/h2>\t\t<\/div>\n\t\t\t\t<\/div>\n\t\t\t\t<div class=\"elementor-element elementor-element-bb82864 elementor-widget elementor-widget-text-editor\" data-id=\"bb82864\" data-element_type=\"widget\" data-widget_type=\"text-editor.default\">\n\t\t\t\t<div class=\"elementor-widget-container\">\n\t\t\t\t\t\t\t\t<div class=\"elementor-text-editor elementor-clearfix\">\n\t\t\t\t<p>Palvelukokonaisuus sovitaan vastaamaan asiakkaan tarpeita. Siivous- ja kodinhoitopalvelut voivat sis\u00e4lt\u00e4\u00e4 muun muassa seuraavat asiat:<\/p><ul><li>Mattojen tuuletus<\/li><li>Ikkunoiden pesu<\/li><li>Imurointi<\/li><li>Lattioiden pesu<\/li><li>Petivaatteiden tuuletus<\/li><\/ul>\t\t\t\t\t<\/div>\n\t\t\t\t\t\t<\/div>\n\t\t\t\t<\/div>\n\t\t\t\t\t\t<\/div>\n\t\t\t\t\t<\/div>\n\t\t<\/div>\n\t\t\t\t\t\t\t\t<\/div>\n\t\t\t\t\t<\/div>\n\t\t<\/section>\n\t\t\t\t<section class=\"elementor-section elementor-top-section elementor-element elementor-element-cae309a animated-slow elementor-section-boxed elementor-section-height-default elementor-section-height-default elementor-invisible\" data-id=\"cae309a\" data-element_type=\"section\" data-settings=\"{&quot;background_background&quot;:&quot;classic&quot;,&quot;animation&quot;:&quot;fadeIn&quot;}\">\n\t\t\t\t\t\t<div class=\"elementor-container elementor-column-gap-default\">\n\t\t\t\t\t\t\t<div class=\"elementor-row\">\n\t\t\t\t\t<div class=\"elementor-column elementor-col-100 elementor-top-column elementor-element elementor-element-59af5f8\" data-id=\"59af5f8\" data-element_type=\"column\">\n\t\t\t<div class=\"elementor-column-wrap elementor-element-populated\">\n\t\t\t\t\t\t\t<div class=\"elementor-widget-wrap\">\n\t\t\t\t\t\t<div class=\"elementor-element elementor-element-23a61f6 elementor-widget elementor-widget-heading\" data-id=\"23a61f6\" data-element_type=\"widget\" data-widget_type=\"heading.default\">\n\t\t\t\t<div class=\"elementor-widget-container\">\n\t\t\t<h2 class=\"elementor-heading-title elementor-size-default\">Palveluiden tilaaminen<\/h2>\t\t<\/div>\n\t\t\t\t<\/div>\n\t\t\t\t<div class=\"elementor-element elementor-element-71cb2c1 elementor-widget elementor-widget-text-editor\" data-id=\"71cb2c1\" data-element_type=\"widget\" data-widget_type=\"text-editor.default\">\n\t\t\t\t<div class=\"elementor-widget-container\">\n\t\t\t\t\t\t\t\t<div class=\"elementor-text-editor elementor-clearfix\">\n\t\t\t\t<p>Kiinnostuitko palveluistamme? Tilaaminen on helppoa.<br>T\u00e4yt\u00e4 vain oheinen lomake, niin olemme sinuun yhteydess\u00e4 mahdollisimman pian:<\/p>\t\t\t\t\t<\/div>\n\t\t\t\t\t\t<\/div>\n\t\t\t\t<\/div>\n\t\t\t\t<div class=\"elementor-element elementor-element-a84639f elementor-align-center elementor-widget elementor-widget-button\" data-id=\"a84639f\" data-element_type=\"widget\" data-widget_type=\"button.default\">\n\t\t\t\t<div class=\"elementor-widget-container\">\n\t\t\t\t\t<div class=\"elementor-button-wrapper\">\n\t\t\t<a href=\"http:\/\/www.taitohoito.fi\/?page_id=221\" class=\"elementor-button-link elementor-button elementor-size-lg\" role=\"button\">\n\t\t\t\t\t\t<span class=\"elementor-button-content-wrapper\">\n\t\t\t\t\t\t<span class=\"elementor-button-text\">Siirry tilauslomakkeeseen<\/span>\n\t\t<\/span>\n\t\t\t\t\t<\/a>\n\t\t<\/div>\n\t\t\t\t<\/div>\n\t\t\t\t<\/div>\n\t\t\t\t\t\t<\/div>\n\t\t\t\t\t<\/div>\n\t\t<\/div>\n\t\t\t\t\t\t\t\t<\/div>\n\t\t\t\t\t<\/div>\n\t\t<\/section>\n\t\t\t\t\t\t\t\t\t<\/div>\n\t\t\t<\/div>\n\t\t\t\t\t<\/div>\n\t\t","protected":false},"excerpt":{"rendered":"<p>Siivous ja kodinhoito Mukavaa el\u00e4m\u00e4\u00e4 siistiss\u00e4 kodissa Koti puhtaaksi Siisteys on sek\u00e4 hygieenist\u00e4, ett\u00e4 silm\u00e4\u00e4 miellytt\u00e4v\u00e4\u00e4. Siivouspalvelut ennaltaehk\u00e4isev\u00e4t monia sairauksia, joille olisi muuten suurempi riski altistua kertyneen lian ja p\u00f6lyn takia. Monesti vanhuksilla tai vammaisilla asiakkailla on vaikeuksia yll\u00e4pit\u00e4\u00e4 kodin siisteytt\u00e4, joten siivouspalvelujen tavoitteena onkin helpottaa asiakkaan kodinhoidon taakkaa ja auttaa vaikeammissa siivousteht\u00e4viss\u00e4. Tarjoamme siivouspalveluja&hellip;&nbsp;<a href=\"https:\/\/www.taitohoito.fi\/?page_id=505\" class=\"\" rel=\"bookmark\">Read More &raquo;<span class=\"screen-reader-text\">Siivous ja kodinhoito<\/span><\/a><\/p>\n","protected":false},"author":1,"featured_media":0,"parent":0,"menu_order":0,"comment_status":"closed","ping_status":"closed","template":"page-templates\/template-pagebuilder-full-width.php","meta":[],"_links":{"self":[{"href":"https:\/\/www.taitohoito.fi\/index.php?rest_route=\/wp\/v2\/pages\/505"}],"collection":[{"href":"https:\/\/www.taitohoito.fi\/index.php?rest_route=\/wp\/v2\/pages"}],"about":[{"href":"https:\/\/www.taitohoito.fi\/index.php?rest_route=\/wp\/v2\/types\/page"}],"author":[{"embeddable":true,"href":"https:\/\/www.taitohoito.fi\/index.php?rest_route=\/wp\/v2\/users\/1"}],"replies":[{"embeddable":true,"href":"https:\/\/www.taitohoito.fi\/index.php?rest_route=%2Fwp%2Fv2%2Fcomments&post=505"}],"version-history":[{"count":11,"href":"https:\/\/www.taitohoito.fi\/index.php?rest_route=\/wp\/v2\/pages\/505\/revisions"}],"predecessor-version":[{"id":684,"href":"https:\/\/www.taitohoito.fi\/index.php?rest_route=\/wp\/v2\/pages\/505\/revisions\/684"}],"wp:attachment":[{"href":"https:\/\/www.taitohoito.fi\/index.php?rest_route=%2Fwp%2Fv2%2Fmedia&parent=505"}],"curies":[{"name":"wp","href":"https:\/\/api.w.org\/{rel}","templated":true}]}}