{"id":258,"date":"2020-02-06T09:39:15","date_gmt":"2020-02-06T07:39:15","guid":{"rendered":"http:\/\/www.taitohoito.fi\/?page_id=258"},"modified":"2025-01-17T19:21:38","modified_gmt":"2025-01-17T17:21:38","slug":"kotitalousvahennys","status":"publish","type":"page","link":"https:\/\/www.taitohoito.fi\/?page_id=258","title":{"rendered":"Kotitalousv\u00e4hennys"},"content":{"rendered":"\t\t<div data-elementor-type=\"wp-page\" data-elementor-id=\"258\" class=\"elementor elementor-258\">\n\t\t\t\t\t\t<div class=\"elementor-inner\">\n\t\t\t\t<div class=\"elementor-section-wrap\">\n\t\t\t\t\t\t\t\t\t<section class=\"elementor-section elementor-top-section elementor-element elementor-element-41b14b4 elementor-section-full_width elementor-section-height-default elementor-section-height-default elementor-invisible\" data-id=\"41b14b4\" data-element_type=\"section\" data-settings=\"{&quot;background_background&quot;:&quot;classic&quot;,&quot;animation&quot;:&quot;fadeIn&quot;}\">\n\t\t\t\t\t\t\t<div class=\"elementor-background-overlay\"><\/div>\n\t\t\t\t\t\t\t<div class=\"elementor-container elementor-column-gap-default\">\n\t\t\t\t\t\t\t<div class=\"elementor-row\">\n\t\t\t\t\t<div class=\"elementor-column elementor-col-100 elementor-top-column elementor-element elementor-element-f160193\" data-id=\"f160193\" data-element_type=\"column\" data-settings=\"{&quot;background_background&quot;:&quot;classic&quot;}\">\n\t\t\t<div class=\"elementor-column-wrap elementor-element-populated\">\n\t\t\t\t\t\t\t<div class=\"elementor-widget-wrap\">\n\t\t\t\t\t\t<div class=\"elementor-element elementor-element-ad8c61b elementor-widget elementor-widget-heading\" data-id=\"ad8c61b\" data-element_type=\"widget\" data-widget_type=\"heading.default\">\n\t\t\t\t<div class=\"elementor-widget-container\">\n\t\t\t<h2 class=\"elementor-heading-title elementor-size-default\">Kotitalousv\u00e4hennys<\/h2>\t\t<\/div>\n\t\t\t\t<\/div>\n\t\t\t\t\t\t<\/div>\n\t\t\t\t\t<\/div>\n\t\t<\/div>\n\t\t\t\t\t\t\t\t<\/div>\n\t\t\t\t\t<\/div>\n\t\t<\/section>\n\t\t\t\t<section class=\"elementor-section elementor-top-section elementor-element elementor-element-91ad049 elementor-section-full_width animated-slow elementor-section-height-default elementor-section-height-default elementor-invisible\" data-id=\"91ad049\" data-element_type=\"section\" data-settings=\"{&quot;animation&quot;:&quot;fadeIn&quot;}\">\n\t\t\t\t\t\t<div class=\"elementor-container elementor-column-gap-default\">\n\t\t\t\t\t\t\t<div class=\"elementor-row\">\n\t\t\t\t\t<div class=\"elementor-column elementor-col-100 elementor-top-column elementor-element elementor-element-6720a60\" data-id=\"6720a60\" data-element_type=\"column\">\n\t\t\t<div class=\"elementor-column-wrap elementor-element-populated\">\n\t\t\t\t\t\t\t<div class=\"elementor-widget-wrap\">\n\t\t\t\t\t\t<div class=\"elementor-element elementor-element-c16bbc6 elementor-widget elementor-widget-heading\" data-id=\"c16bbc6\" data-element_type=\"widget\" data-widget_type=\"heading.default\">\n\t\t\t\t<div class=\"elementor-widget-container\">\n\t\t\t<h2 class=\"elementor-heading-title elementor-size-default\">Helpotusta verotukseen<\/h2>\t\t<\/div>\n\t\t\t\t<\/div>\n\t\t\t\t<div class=\"elementor-element elementor-element-6bec699 elementor-widget elementor-widget-text-editor\" data-id=\"6bec699\" data-element_type=\"widget\" data-widget_type=\"text-editor.default\">\n\t\t\t\t<div class=\"elementor-widget-container\">\n\t\t\t\t\t\t\t\t<div class=\"elementor-text-editor elementor-clearfix\">\n\t\t\t\t<p>Palvelusetelin lis\u00e4ksi toinen kotipalveluihin liittyv\u00e4 yhteiskunnan etu on kotitalousv\u00e4hennys, joka pienent\u00e4\u00e4 oman verotuksen m\u00e4\u00e4r\u00e4\u00e4. Kotitalousv\u00e4hennyst\u00e4 saat, kun ostat esimerkiksi n\u00e4it\u00e4 t\u00f6it\u00e4 kotiisi: siivous, kotitalousty\u00f6t, lastenhoito ja muu hoito- ja hoivaty\u00f6.<\/p>\n<p class=\"checklist\">Vuosi 2025. Kotitalousv\u00e4hennyksen maksimi on 1600 euroa henkil\u00f6lt\u00e4. Omavastuu on 150 euroa vuodessa henkil\u00f6lt\u00e4. Kotitalousv\u00e4hennyksen saa vain ty\u00f6n osuudesta: saat v\u00e4hent\u00e4\u00e4 35% sen ty\u00f6n osuudesta, jonka olet ostanut yritykselt\u00e4.<\/p>\n<p>Saat kotitalousv\u00e4hennyst\u00e4, kun ty\u00f6 tehd\u00e4\u00e4n<\/p>\n<ul>\n<li>omassa kodissasi<\/li>\n<li>vapaa-ajan asunnossasi<\/li>\n<li>vanhempiesi tai isovanhempiesi kodissa.<\/li>\n<\/ul>\n<p>Voit lukea lis\u00e4\u00e4 kotitalousv\u00e4hennyksest\u00e4 verohallinnon nettisivuilta <a href=\"https:\/\/www.vero.fi\/henkiloasiakkaat\/verokortti-ja-veroilmoitus\/tulot-ja-vahennykset\/kotitalousvahennys\/\">t\u00e4\u00e4lt\u00e4.<\/a><\/p>\t\t\t\t\t<\/div>\n\t\t\t\t\t\t<\/div>\n\t\t\t\t<\/div>\n\t\t\t\t\t\t<\/div>\n\t\t\t\t\t<\/div>\n\t\t<\/div>\n\t\t\t\t\t\t\t\t<\/div>\n\t\t\t\t\t<\/div>\n\t\t<\/section>\n\t\t\t\t<section class=\"elementor-section elementor-top-section elementor-element elementor-element-7fd1036 elementor-section-full_width animated-slow elementor-section-height-default elementor-section-height-default elementor-invisible\" data-id=\"7fd1036\" data-element_type=\"section\" data-settings=\"{&quot;background_background&quot;:&quot;classic&quot;,&quot;animation&quot;:&quot;fadeIn&quot;}\">\n\t\t\t\t\t\t<div class=\"elementor-container elementor-column-gap-default\">\n\t\t\t\t\t\t\t<div class=\"elementor-row\">\n\t\t\t\t\t<div class=\"elementor-column elementor-col-100 elementor-top-column elementor-element elementor-element-a14d896\" data-id=\"a14d896\" data-element_type=\"column\">\n\t\t\t<div class=\"elementor-column-wrap elementor-element-populated\">\n\t\t\t\t\t\t\t<div class=\"elementor-widget-wrap\">\n\t\t\t\t\t\t<div class=\"elementor-element elementor-element-8f151f4 elementor-widget elementor-widget-heading\" data-id=\"8f151f4\" data-element_type=\"widget\" data-widget_type=\"heading.default\">\n\t\t\t\t<div class=\"elementor-widget-container\">\n\t\t\t<h2 class=\"elementor-heading-title elementor-size-default\">Ota meihin yhteytt\u00e4<\/h2>\t\t<\/div>\n\t\t\t\t<\/div>\n\t\t\t\t<div class=\"elementor-element elementor-element-1b5e1ab elementor-widget elementor-widget-text-editor\" data-id=\"1b5e1ab\" data-element_type=\"widget\" data-widget_type=\"text-editor.default\">\n\t\t\t\t<div class=\"elementor-widget-container\">\n\t\t\t\t\t\t\t\t<div class=\"elementor-text-editor elementor-clearfix\">\n\t\t\t\t<p>info@taitohoito.fi \/ puh. 044 027 7070<br \/>tai l\u00e4het\u00e4 meille viesti oheisella lomakkeella:<\/p>\t\t\t\t\t<\/div>\n\t\t\t\t\t\t<\/div>\n\t\t\t\t<\/div>\n\t\t\t\t<section class=\"elementor-section elementor-inner-section elementor-element elementor-element-e8e2e0c elementor-section-boxed elementor-section-height-default elementor-section-height-default\" data-id=\"e8e2e0c\" data-element_type=\"section\">\n\t\t\t\t\t\t<div class=\"elementor-container elementor-column-gap-default\">\n\t\t\t\t\t\t\t<div class=\"elementor-row\">\n\t\t\t\t\t<div class=\"elementor-column elementor-col-100 elementor-inner-column elementor-element elementor-element-7155245\" data-id=\"7155245\" data-element_type=\"column\">\n\t\t\t<div class=\"elementor-column-wrap elementor-element-populated\">\n\t\t\t\t\t\t\t<div class=\"elementor-widget-wrap\">\n\t\t\t\t\t\t<div class=\"elementor-element elementor-element-b17a5d2 elementor-widget elementor-widget-shortcode\" data-id=\"b17a5d2\" data-element_type=\"widget\" data-widget_type=\"shortcode.default\">\n\t\t\t\t<div class=\"elementor-widget-container\">\n\t\t\t\t\t<div class=\"elementor-shortcode\"><div class=\"frm_forms  with_frm_style frm_style_formidable-style\" id=\"frm_form_1_container\" >\n<form enctype=\"multipart\/form-data\" method=\"post\" class=\"frm-show-form \" id=\"form_contact-form\"  >\n<div class=\"frm_form_fields \">\n<fieldset>\n<legend class=\"frm_screen_reader\">Ota yhteytt\u00e4<\/legend>\r\n\r\n<div class=\"frm_fields_container\">\n<input type=\"hidden\" name=\"frm_action\" value=\"create\" \/>\n<input type=\"hidden\" name=\"form_id\" value=\"1\" \/>\n<input type=\"hidden\" name=\"frm_hide_fields_1\" id=\"frm_hide_fields_1\" value=\"\" \/>\n<input type=\"hidden\" name=\"form_key\" value=\"contact-form\" \/>\n<input type=\"hidden\" name=\"item_meta[0]\" value=\"\" \/>\n<input type=\"hidden\" id=\"frm_submit_entry_1\" name=\"frm_submit_entry_1\" value=\"368dff0522\" \/><input type=\"hidden\" name=\"_wp_http_referer\" value=\"\/index.php?rest_route=%2Fwp%2Fv2%2Fpages%2F258\" \/><div id=\"frm_field_1_container\" class=\"frm_form_field form-field  frm_required_field frm_top_container\">\r\n    <label for=\"field_qh4icy\" id=\"field_qh4icy_label\" class=\"frm_primary_label\">Nimi\r\n        <span class=\"frm_required\">*<\/span>\r\n    <\/label>\r\n    <input type=\"text\" id=\"field_qh4icy\" name=\"item_meta[1]\" value=\"\"  data-reqmsg=\"T\u00e4m\u00e4 kentt\u00e4 ei voi olla tyhj\u00e4.\" aria-required=\"true\" data-invmsg=\"Name is invalid\" aria-invalid=\"false\"  \/>\r\n    \r\n    \r\n<\/div>\n<div id=\"frm_field_4_container\" class=\"frm_form_field form-field  frm_required_field frm_top_container frm_first frm_half\">\r\n    <label for=\"field_e6lis6\" id=\"field_e6lis6_label\" class=\"frm_primary_label\">Puhelinnumero\r\n        <span class=\"frm_required\">*<\/span>\r\n    <\/label>\r\n    <input type=\"text\" id=\"field_e6lis6\" name=\"item_meta[4]\" value=\"\"  data-reqmsg=\"T\u00e4m\u00e4 kentt\u00e4 ei voi olla tyhj\u00e4.\" aria-required=\"true\" data-invmsg=\"Subject is invalid\" aria-invalid=\"false\"  \/>\r\n    \r\n    \r\n<\/div>\n<div id=\"frm_field_21_container\" class=\"frm_form_field form-field  frm_top_container frm_half\">\r\n    <label for=\"field_wp745\" id=\"field_wp745_label\" class=\"frm_primary_label\">S\u00e4hk\u00f6posti\r\n        <span class=\"frm_required\"><\/span>\r\n    <\/label>\r\n    <input type=\"email\" id=\"field_wp745\" name=\"item_meta[21]\" value=\"\"  data-invmsg=\"Email is invalid\" aria-invalid=\"false\"  \/>\r\n    \r\n    \r\n<\/div>\n<div id=\"frm_field_5_container\" class=\"frm_form_field form-field  frm_required_field frm_top_container frm_full\">\r\n    <label for=\"field_9jv0r1\" id=\"field_9jv0r1_label\" class=\"frm_primary_label\">Viestisi\r\n        <span class=\"frm_required\">*<\/span>\r\n    <\/label>\r\n    <textarea name=\"item_meta[5]\" id=\"field_9jv0r1\" rows=\"5\"  data-reqmsg=\"T\u00e4m\u00e4 kentt\u00e4 ei voi olla tyhj\u00e4.\" aria-required=\"true\" data-invmsg=\"Viestisi is invalid\" aria-invalid=\"false\"  ><\/textarea>\r\n    \r\n    \r\n<\/div>\n<div id=\"frm_field_7_container\" class=\"frm_form_field form-field  frm_none_container\">\r\n    <label for=\"g-recaptcha-response\" id=\"field_rgs5b_label\" class=\"frm_primary_label\">reCAPTCHA\r\n        <span class=\"frm_required\"><\/span>\r\n    <\/label>\r\n    <div id=\"field_rgs5b\" class=\"g-recaptcha\" data-sitekey=\"6LebIM4UAAAAADEEmcq5e2T1Czy7tIJWbG7mDG-W\" data-size=\"normal\" data-theme=\"light\"><\/div>\r\n    \r\n    \r\n<\/div>\n\t<input type=\"hidden\" name=\"item_key\" value=\"\" \/>\n\t<div class=\"frm_submit\">\r\n\r\n<button class=\"frm_button_submit\" type=\"submit\"  >L\u00e4het\u00e4<\/button>\r\n\r\n<\/div><\/div>\n<\/fieldset>\n<\/div>\n<\/form>\n<\/div>\n<\/div>\n\t\t\t\t<\/div>\n\t\t\t\t<\/div>\n\t\t\t\t\t\t<\/div>\n\t\t\t\t\t<\/div>\n\t\t<\/div>\n\t\t\t\t\t\t\t\t<\/div>\n\t\t\t\t\t<\/div>\n\t\t<\/section>\n\t\t\t\t\t\t<\/div>\n\t\t\t\t\t<\/div>\n\t\t<\/div>\n\t\t\t\t\t\t\t\t<\/div>\n\t\t\t\t\t<\/div>\n\t\t<\/section>\n\t\t\t\t\t\t\t\t\t<\/div>\n\t\t\t<\/div>\n\t\t\t\t\t<\/div>\n\t\t","protected":false},"excerpt":{"rendered":"<p>Kotitalousv\u00e4hennys Helpotusta verotukseen Palvelusetelin lis\u00e4ksi toinen kotipalveluihin liittyv\u00e4 yhteiskunnan etu on kotitalousv\u00e4hennys, joka pienent\u00e4\u00e4 oman verotuksen m\u00e4\u00e4r\u00e4\u00e4. Kotitalousv\u00e4hennyst\u00e4 saat, kun ostat esimerkiksi n\u00e4it\u00e4 t\u00f6it\u00e4 kotiisi: siivous, kotitalousty\u00f6t, lastenhoito ja muu hoito- ja hoivaty\u00f6. Vuosi 2025. Kotitalousv\u00e4hennyksen maksimi on 1600 euroa henkil\u00f6lt\u00e4. Omavastuu on 150 euroa vuodessa henkil\u00f6lt\u00e4. Kotitalousv\u00e4hennyksen saa vain ty\u00f6n osuudesta: saat v\u00e4hent\u00e4\u00e4 35%&hellip;&nbsp;<a href=\"https:\/\/www.taitohoito.fi\/?page_id=258\" class=\"\" rel=\"bookmark\">Read More &raquo;<span class=\"screen-reader-text\">Kotitalousv\u00e4hennys<\/span><\/a><\/p>\n","protected":false},"author":1,"featured_media":0,"parent":0,"menu_order":0,"comment_status":"closed","ping_status":"closed","template":"page-templates\/template-pagebuilder-full-width.php","meta":[],"_links":{"self":[{"href":"https:\/\/www.taitohoito.fi\/index.php?rest_route=\/wp\/v2\/pages\/258"}],"collection":[{"href":"https:\/\/www.taitohoito.fi\/index.php?rest_route=\/wp\/v2\/pages"}],"about":[{"href":"https:\/\/www.taitohoito.fi\/index.php?rest_route=\/wp\/v2\/types\/page"}],"author":[{"embeddable":true,"href":"https:\/\/www.taitohoito.fi\/index.php?rest_route=\/wp\/v2\/users\/1"}],"replies":[{"embeddable":true,"href":"https:\/\/www.taitohoito.fi\/index.php?rest_route=%2Fwp%2Fv2%2Fcomments&post=258"}],"version-history":[{"count":40,"href":"https:\/\/www.taitohoito.fi\/index.php?rest_route=\/wp\/v2\/pages\/258\/revisions"}],"predecessor-version":[{"id":798,"href":"https:\/\/www.taitohoito.fi\/index.php?rest_route=\/wp\/v2\/pages\/258\/revisions\/798"}],"wp:attachment":[{"href":"https:\/\/www.taitohoito.fi\/index.php?rest_route=%2Fwp%2Fv2%2Fmedia&parent=258"}],"curies":[{"name":"wp","href":"https:\/\/api.w.org\/{rel}","templated":true}]}}