{"id":16,"date":"2020-01-10T10:26:17","date_gmt":"2020-01-10T08:26:17","guid":{"rendered":"http:\/\/www.taitohoito.fi\/?page_id=16"},"modified":"2021-09-07T16:22:46","modified_gmt":"2021-09-07T14:22:46","slug":"senioriapu","status":"publish","type":"page","link":"https:\/\/www.taitohoito.fi\/?page_id=16","title":{"rendered":"Senioriapu"},"content":{"rendered":"\t\t<div data-elementor-type=\"wp-page\" data-elementor-id=\"16\" class=\"elementor elementor-16\">\n\t\t\t\t\t\t<div class=\"elementor-inner\">\n\t\t\t\t<div class=\"elementor-section-wrap\">\n\t\t\t\t\t\t\t\t\t<section class=\"elementor-section elementor-top-section elementor-element elementor-element-13a73b7 elementor-section-full_width elementor-section-height-default elementor-section-height-default elementor-invisible\" data-id=\"13a73b7\" data-element_type=\"section\" data-settings=\"{&quot;background_background&quot;:&quot;classic&quot;,&quot;animation&quot;:&quot;fadeIn&quot;}\">\n\t\t\t\t\t\t\t<div class=\"elementor-background-overlay\"><\/div>\n\t\t\t\t\t\t\t<div class=\"elementor-container elementor-column-gap-default\">\n\t\t\t\t\t\t\t<div class=\"elementor-row\">\n\t\t\t\t\t<div class=\"elementor-column elementor-col-100 elementor-top-column elementor-element elementor-element-6d4dcb0\" data-id=\"6d4dcb0\" data-element_type=\"column\" data-settings=\"{&quot;background_background&quot;:&quot;classic&quot;}\">\n\t\t\t<div class=\"elementor-column-wrap elementor-element-populated\">\n\t\t\t\t\t\t\t<div class=\"elementor-widget-wrap\">\n\t\t\t\t\t\t<div class=\"elementor-element elementor-element-becef6a elementor-widget elementor-widget-heading\" data-id=\"becef6a\" data-element_type=\"widget\" data-widget_type=\"heading.default\">\n\t\t\t\t<div class=\"elementor-widget-container\">\n\t\t\t<h2 class=\"elementor-heading-title elementor-size-default\">Senioriapu<\/h2>\t\t<\/div>\n\t\t\t\t<\/div>\n\t\t\t\t<div class=\"elementor-element elementor-element-8d07176 elementor-widget elementor-widget-text-editor\" data-id=\"8d07176\" data-element_type=\"widget\" data-widget_type=\"text-editor.default\">\n\t\t\t\t<div class=\"elementor-widget-container\">\n\t\t\t\t\t\t\t\t<div class=\"elementor-text-editor elementor-clearfix\">\n\t\t\t\t<h2>Mukavuutta ja el\u00e4m\u00e4niloa jokap\u00e4iv\u00e4iseen el\u00e4m\u00e4\u00e4n<\/h2>\t\t\t\t\t<\/div>\n\t\t\t\t\t\t<\/div>\n\t\t\t\t<\/div>\n\t\t\t\t\t\t<\/div>\n\t\t\t\t\t<\/div>\n\t\t<\/div>\n\t\t\t\t\t\t\t\t<\/div>\n\t\t\t\t\t<\/div>\n\t\t<\/section>\n\t\t\t\t<section class=\"elementor-section elementor-top-section elementor-element elementor-element-bea2088 elementor-section-boxed elementor-section-height-default elementor-section-height-default\" data-id=\"bea2088\" data-element_type=\"section\">\n\t\t\t\t\t\t<div class=\"elementor-container elementor-column-gap-default\">\n\t\t\t\t\t\t\t<div class=\"elementor-row\">\n\t\t\t\t\t<div class=\"elementor-column elementor-col-50 elementor-top-column elementor-element elementor-element-b2ac0cf\" data-id=\"b2ac0cf\" data-element_type=\"column\" data-settings=\"{&quot;background_background&quot;:&quot;classic&quot;}\">\n\t\t\t<div class=\"elementor-column-wrap elementor-element-populated\">\n\t\t\t\t\t\t\t<div class=\"elementor-widget-wrap\">\n\t\t\t\t\t\t<div class=\"elementor-element elementor-element-4c0d548 elementor-widget elementor-widget-heading\" data-id=\"4c0d548\" data-element_type=\"widget\" data-widget_type=\"heading.default\">\n\t\t\t\t<div class=\"elementor-widget-container\">\n\t\t\t<h2 class=\"elementor-heading-title elementor-size-default\">Oma koti on kaikille rakas<\/h2>\t\t<\/div>\n\t\t\t\t<\/div>\n\t\t\t\t<div class=\"elementor-element elementor-element-f360d81 elementor-widget elementor-widget-text-editor\" data-id=\"f360d81\" data-element_type=\"widget\" data-widget_type=\"text-editor.default\">\n\t\t\t\t<div class=\"elementor-widget-container\">\n\t\t\t\t\t\t\t\t<div class=\"elementor-text-editor elementor-clearfix\">\n\t\t\t\t<p>Senioriavun tavoitteena on yll\u00e4pit\u00e4\u00e4 vanhusten el\u00e4m\u00e4niloa ja mahdollistaa omassa kodissa asumisen mahdollisimman pitk\u00e4\u00e4n. Se sis\u00e4lt\u00e4\u00e4 yhteist\u00e4 ajanviettoa, kaikenlaisia virikkeit\u00e4 sek\u00e4 tarvittavaa apua. N\u00e4ill\u00e4 kiireett\u00f6mill\u00e4 ja l\u00e4mminsyd\u00e4misill\u00e4 palveluilla estet\u00e4\u00e4n henkil\u00f6n yksin\u00e4istyminen ja tuodaan iloa el\u00e4m\u00e4\u00e4n.<\/p><p>Senioriapu on voi olla hyvinkin monipuolista. Laadimme kanssasi kokonaisuuden, jokaa tekee arjesta sujuvampaa ja turvallisempaa. Samalla otamme huomioon sek\u00e4 psyykkisen ett\u00e4 fyysisen hyvinvoinnin, ja varmistamme mahdollisimman terveellisen el\u00e4m\u00e4ntavan.<\/p><p>Viereiselt\u00e4 listalta n\u00e4kee esimerkkej\u00e4 senioriavun palveluista. Ota ihmeess\u00e4 yhteytt\u00e4, jos sinulla on ideoita tai jokin asia j\u00e4i mietitytt\u00e4m\u00e4\u00e4n!<\/p>\t\t\t\t\t<\/div>\n\t\t\t\t\t\t<\/div>\n\t\t\t\t<\/div>\n\t\t\t\t\t\t<\/div>\n\t\t\t\t\t<\/div>\n\t\t<\/div>\n\t\t\t\t<div class=\"elementor-column elementor-col-50 elementor-top-column elementor-element elementor-element-7eb8258\" data-id=\"7eb8258\" data-element_type=\"column\" data-settings=\"{&quot;background_background&quot;:&quot;classic&quot;}\">\n\t\t\t<div class=\"elementor-column-wrap elementor-element-populated\">\n\t\t\t\t\t\t\t<div class=\"elementor-widget-wrap\">\n\t\t\t\t\t\t<div class=\"elementor-element elementor-element-c622ec9 elementor-widget elementor-widget-heading\" data-id=\"c622ec9\" data-element_type=\"widget\" data-widget_type=\"heading.default\">\n\t\t\t\t<div class=\"elementor-widget-container\">\n\t\t\t<h2 class=\"elementor-heading-title elementor-size-default\">Seuranpito ja virikkeet<\/h2>\t\t<\/div>\n\t\t\t\t<\/div>\n\t\t\t\t<div class=\"elementor-element elementor-element-611af3b elementor-widget elementor-widget-text-editor\" data-id=\"611af3b\" data-element_type=\"widget\" data-widget_type=\"text-editor.default\">\n\t\t\t\t<div class=\"elementor-widget-container\">\n\t\t\t\t\t\t\t\t<div class=\"elementor-text-editor elementor-clearfix\">\n\t\t\t\t<ul><li>Aamu- ja iltatoimissa avustaminen<\/li><li>Yhdess\u00e4olo ja keskustelu<\/li><li>Perhehistorian arkistointi<\/li><li>Lukemisessa, musiikin kuuntelussa jne. avustaminen<\/li><li>Korttipelien ja muiden pelien pelaaminen<\/li><li>Asiakirjojen t\u00e4ytt\u00f6 ja kirjeiden postittaminen<\/li><li>Kodin kasvien ja ulkokasvien hoitaminen<\/li><li>K\u00e4sit\u00f6iden tekemiseen osallistuminen<\/li><li>Tietokoneen k\u00e4yt\u00f6ss\u00e4 avustaminen<\/li><li>Kodin yll\u00e4pidon valvominen<\/li><li>Viriketoiminta<\/li><li>Sanomalehtien, aikakauslehtien, kirjojen ja elokuvien ostaminen tai lainaaminen kirjastosta<\/li><li>Ulkoilemisessa ja kaupassak\u00e4ynniss\u00e4 avustaminen<\/li><li>Avustaminen erilaisiin tilaisuuksiin, toimintoihin ja harrastuksiin osallistumisessa<\/li><li>Vierailujen, ulkoilujen ja matkojen suunnitteleminen<\/li><\/ul>\t\t\t\t\t<\/div>\n\t\t\t\t\t\t<\/div>\n\t\t\t\t<\/div>\n\t\t\t\t\t\t<\/div>\n\t\t\t\t\t<\/div>\n\t\t<\/div>\n\t\t\t\t\t\t\t\t<\/div>\n\t\t\t\t\t<\/div>\n\t\t<\/section>\n\t\t\t\t<section class=\"elementor-section elementor-top-section elementor-element elementor-element-4be9ea7 animated-slow elementor-section-boxed elementor-section-height-default elementor-section-height-default elementor-invisible\" data-id=\"4be9ea7\" data-element_type=\"section\" data-settings=\"{&quot;background_background&quot;:&quot;classic&quot;,&quot;animation&quot;:&quot;fadeIn&quot;}\">\n\t\t\t\t\t\t<div class=\"elementor-container elementor-column-gap-default\">\n\t\t\t\t\t\t\t<div class=\"elementor-row\">\n\t\t\t\t\t<div class=\"elementor-column elementor-col-100 elementor-top-column elementor-element elementor-element-fbc5896\" data-id=\"fbc5896\" data-element_type=\"column\">\n\t\t\t<div class=\"elementor-column-wrap elementor-element-populated\">\n\t\t\t\t\t\t\t<div class=\"elementor-widget-wrap\">\n\t\t\t\t\t\t<div class=\"elementor-element elementor-element-f63e388 elementor-widget elementor-widget-heading\" data-id=\"f63e388\" data-element_type=\"widget\" data-widget_type=\"heading.default\">\n\t\t\t\t<div class=\"elementor-widget-container\">\n\t\t\t<h2 class=\"elementor-heading-title elementor-size-default\">Palveluiden tilaaminen<\/h2>\t\t<\/div>\n\t\t\t\t<\/div>\n\t\t\t\t<div class=\"elementor-element elementor-element-1128f83 elementor-widget elementor-widget-text-editor\" data-id=\"1128f83\" data-element_type=\"widget\" data-widget_type=\"text-editor.default\">\n\t\t\t\t<div class=\"elementor-widget-container\">\n\t\t\t\t\t\t\t\t<div class=\"elementor-text-editor elementor-clearfix\">\n\t\t\t\t<p>Kiinnostuitko palveluistamme? Tilaaminen on helppoa.<br>T\u00e4yt\u00e4 vain oheinen lomake, niin olemme sinuun yhteydess\u00e4 mahdollisimman pian:<\/p>\t\t\t\t\t<\/div>\n\t\t\t\t\t\t<\/div>\n\t\t\t\t<\/div>\n\t\t\t\t<div class=\"elementor-element elementor-element-fa1d6e3 elementor-align-center elementor-widget elementor-widget-button\" data-id=\"fa1d6e3\" data-element_type=\"widget\" data-widget_type=\"button.default\">\n\t\t\t\t<div class=\"elementor-widget-container\">\n\t\t\t\t\t<div class=\"elementor-button-wrapper\">\n\t\t\t<a href=\"http:\/\/www.taitohoito.fi\/?page_id=221\" class=\"elementor-button-link elementor-button elementor-size-lg\" role=\"button\">\n\t\t\t\t\t\t<span class=\"elementor-button-content-wrapper\">\n\t\t\t\t\t\t<span class=\"elementor-button-text\">Siirry tilauslomakkeeseen<\/span>\n\t\t<\/span>\n\t\t\t\t\t<\/a>\n\t\t<\/div>\n\t\t\t\t<\/div>\n\t\t\t\t<\/div>\n\t\t\t\t\t\t<\/div>\n\t\t\t\t\t<\/div>\n\t\t<\/div>\n\t\t\t\t\t\t\t\t<\/div>\n\t\t\t\t\t<\/div>\n\t\t<\/section>\n\t\t\t\t\t\t\t\t\t<\/div>\n\t\t\t<\/div>\n\t\t\t\t\t<\/div>\n\t\t","protected":false},"excerpt":{"rendered":"<p>Senioriapu Mukavuutta ja el\u00e4m\u00e4niloa jokap\u00e4iv\u00e4iseen el\u00e4m\u00e4\u00e4n Oma koti on kaikille rakas Senioriavun tavoitteena on yll\u00e4pit\u00e4\u00e4 vanhusten el\u00e4m\u00e4niloa ja mahdollistaa omassa kodissa asumisen mahdollisimman pitk\u00e4\u00e4n. Se sis\u00e4lt\u00e4\u00e4 yhteist\u00e4 ajanviettoa, kaikenlaisia virikkeit\u00e4 sek\u00e4 tarvittavaa apua. N\u00e4ill\u00e4 kiireett\u00f6mill\u00e4 ja l\u00e4mminsyd\u00e4misill\u00e4 palveluilla estet\u00e4\u00e4n henkil\u00f6n yksin\u00e4istyminen ja tuodaan iloa el\u00e4m\u00e4\u00e4n. Senioriapu on voi olla hyvinkin monipuolista. Laadimme kanssasi kokonaisuuden, jokaa&hellip;&nbsp;<a href=\"https:\/\/www.taitohoito.fi\/?page_id=16\" class=\"\" rel=\"bookmark\">Read More &raquo;<span class=\"screen-reader-text\">Senioriapu<\/span><\/a><\/p>\n","protected":false},"author":1,"featured_media":0,"parent":0,"menu_order":0,"comment_status":"closed","ping_status":"closed","template":"page-templates\/template-pagebuilder-full-width.php","meta":[],"_links":{"self":[{"href":"https:\/\/www.taitohoito.fi\/index.php?rest_route=\/wp\/v2\/pages\/16"}],"collection":[{"href":"https:\/\/www.taitohoito.fi\/index.php?rest_route=\/wp\/v2\/pages"}],"about":[{"href":"https:\/\/www.taitohoito.fi\/index.php?rest_route=\/wp\/v2\/types\/page"}],"author":[{"embeddable":true,"href":"https:\/\/www.taitohoito.fi\/index.php?rest_route=\/wp\/v2\/users\/1"}],"replies":[{"embeddable":true,"href":"https:\/\/www.taitohoito.fi\/index.php?rest_route=%2Fwp%2Fv2%2Fcomments&post=16"}],"version-history":[{"count":38,"href":"https:\/\/www.taitohoito.fi\/index.php?rest_route=\/wp\/v2\/pages\/16\/revisions"}],"predecessor-version":[{"id":690,"href":"https:\/\/www.taitohoito.fi\/index.php?rest_route=\/wp\/v2\/pages\/16\/revisions\/690"}],"wp:attachment":[{"href":"https:\/\/www.taitohoito.fi\/index.php?rest_route=%2Fwp%2Fv2%2Fmedia&parent=16"}],"curies":[{"name":"wp","href":"https:\/\/api.w.org\/{rel}","templated":true}]}}