{"id":14,"date":"2020-01-10T10:25:56","date_gmt":"2020-01-10T08:25:56","guid":{"rendered":"http:\/\/www.taitohoito.fi\/?page_id=14"},"modified":"2021-09-07T16:18:03","modified_gmt":"2021-09-07T14:18:03","slug":"henkilokohtainen-avustaminen","status":"publish","type":"page","link":"https:\/\/www.taitohoito.fi\/?page_id=14","title":{"rendered":"Henkil\u00f6kohtainen avustaminen"},"content":{"rendered":"\t\t<div data-elementor-type=\"wp-page\" data-elementor-id=\"14\" class=\"elementor elementor-14\">\n\t\t\t\t\t\t<div class=\"elementor-inner\">\n\t\t\t\t<div class=\"elementor-section-wrap\">\n\t\t\t\t\t\t\t\t\t<section class=\"elementor-section elementor-top-section elementor-element elementor-element-a3e282e elementor-section-full_width elementor-section-height-default elementor-section-height-default elementor-invisible\" data-id=\"a3e282e\" data-element_type=\"section\" data-settings=\"{&quot;background_background&quot;:&quot;classic&quot;,&quot;animation&quot;:&quot;fadeIn&quot;}\">\n\t\t\t\t\t\t\t<div class=\"elementor-background-overlay\"><\/div>\n\t\t\t\t\t\t\t<div class=\"elementor-container elementor-column-gap-default\">\n\t\t\t\t\t\t\t<div class=\"elementor-row\">\n\t\t\t\t\t<div class=\"elementor-column elementor-col-100 elementor-top-column elementor-element elementor-element-83b8b84\" data-id=\"83b8b84\" data-element_type=\"column\" data-settings=\"{&quot;background_background&quot;:&quot;classic&quot;}\">\n\t\t\t<div class=\"elementor-column-wrap elementor-element-populated\">\n\t\t\t\t\t\t\t<div class=\"elementor-widget-wrap\">\n\t\t\t\t\t\t<div class=\"elementor-element elementor-element-2c91a9d elementor-widget elementor-widget-heading\" data-id=\"2c91a9d\" data-element_type=\"widget\" data-widget_type=\"heading.default\">\n\t\t\t\t<div class=\"elementor-widget-container\">\n\t\t\t<h2 class=\"elementor-heading-title elementor-size-default\">Henkil\u00f6kohtainen avustaminen<\/h2>\t\t<\/div>\n\t\t\t\t<\/div>\n\t\t\t\t<div class=\"elementor-element elementor-element-25b2cc3 elementor-widget elementor-widget-text-editor\" data-id=\"25b2cc3\" data-element_type=\"widget\" data-widget_type=\"text-editor.default\">\n\t\t\t\t<div class=\"elementor-widget-container\">\n\t\t\t\t\t\t\t\t<div class=\"elementor-text-editor elementor-clearfix\">\n\t\t\t\t<h2>Huolenpitoa ja r\u00e4\u00e4t\u00e4l\u00f6ity\u00e4 apua kaikkiin tilanteisiin<\/h2>\t\t\t\t\t<\/div>\n\t\t\t\t\t\t<\/div>\n\t\t\t\t<\/div>\n\t\t\t\t\t\t<\/div>\n\t\t\t\t\t<\/div>\n\t\t<\/div>\n\t\t\t\t\t\t\t\t<\/div>\n\t\t\t\t\t<\/div>\n\t\t<\/section>\n\t\t\t\t<section class=\"elementor-section elementor-top-section elementor-element elementor-element-47e3fba elementor-section-boxed elementor-section-height-default elementor-section-height-default\" data-id=\"47e3fba\" data-element_type=\"section\">\n\t\t\t\t\t\t<div class=\"elementor-container elementor-column-gap-default\">\n\t\t\t\t\t\t\t<div class=\"elementor-row\">\n\t\t\t\t\t<div class=\"elementor-column elementor-col-50 elementor-top-column elementor-element elementor-element-9da3c5a\" data-id=\"9da3c5a\" data-element_type=\"column\" data-settings=\"{&quot;background_background&quot;:&quot;classic&quot;}\">\n\t\t\t<div class=\"elementor-column-wrap elementor-element-populated\">\n\t\t\t\t\t\t\t<div class=\"elementor-widget-wrap\">\n\t\t\t\t\t\t<div class=\"elementor-element elementor-element-a6953e7 elementor-widget elementor-widget-heading\" data-id=\"a6953e7\" data-element_type=\"widget\" data-widget_type=\"heading.default\">\n\t\t\t\t<div class=\"elementor-widget-container\">\n\t\t\t<h2 class=\"elementor-heading-title elementor-size-default\">Apua arjen toimissa<\/h2>\t\t<\/div>\n\t\t\t\t<\/div>\n\t\t\t\t<div class=\"elementor-element elementor-element-bd5aa85 elementor-widget elementor-widget-text-editor\" data-id=\"bd5aa85\" data-element_type=\"widget\" data-widget_type=\"text-editor.default\">\n\t\t\t\t<div class=\"elementor-widget-container\">\n\t\t\t\t\t\t\t\t<div class=\"elementor-text-editor elementor-clearfix\">\n\t\t\t\t<p>Henkil\u00f6kohtaisen avustamisen tarkoituksena on auttaa vammaista henkil\u00f6\u00e4 kaikissa niiss\u00e4 asioissa, joihin h\u00e4n ei en\u00e4\u00e4 itsen\u00e4isesti kykene. N\u00e4in h\u00e4n voi jatkaa asumista omassa kodissaan, toteuttaa omia valintojaan ja nauttia turvallisesta el\u00e4m\u00e4nmenosta. Avustaja on l\u00e4sn\u00e4 vammaisen ihmisen el\u00e4m\u00e4ss\u00e4 h\u00e4nen ja h\u00e4nen perheens\u00e4 omilla ehdoilla.<\/p>\t\t\t\t\t<\/div>\n\t\t\t\t\t\t<\/div>\n\t\t\t\t<\/div>\n\t\t\t\t\t\t<\/div>\n\t\t\t\t\t<\/div>\n\t\t<\/div>\n\t\t\t\t<div class=\"elementor-column elementor-col-50 elementor-top-column elementor-element elementor-element-d2109e8\" data-id=\"d2109e8\" data-element_type=\"column\" data-settings=\"{&quot;background_background&quot;:&quot;classic&quot;}\">\n\t\t\t<div class=\"elementor-column-wrap elementor-element-populated\">\n\t\t\t\t\t\t\t<div class=\"elementor-widget-wrap\">\n\t\t\t\t\t\t<div class=\"elementor-element elementor-element-23b6e09 elementor-widget elementor-widget-heading\" data-id=\"23b6e09\" data-element_type=\"widget\" data-widget_type=\"heading.default\">\n\t\t\t\t<div class=\"elementor-widget-container\">\n\t\t\t<h2 class=\"elementor-heading-title elementor-size-default\">Palveluun voi kuulua<\/h2>\t\t<\/div>\n\t\t\t\t<\/div>\n\t\t\t\t<div class=\"elementor-element elementor-element-bb82864 elementor-widget elementor-widget-text-editor\" data-id=\"bb82864\" data-element_type=\"widget\" data-widget_type=\"text-editor.default\">\n\t\t\t\t<div class=\"elementor-widget-container\">\n\t\t\t\t\t\t\t\t<div class=\"elementor-text-editor elementor-clearfix\">\n\t\t\t\t<ul><li>Ruokailu<\/li><li>Pukeutuminen<\/li><li>Henkil\u00f6kohtaisesta hygieniasta huolehtiminen<\/li><li>L\u00e4\u00e4kemuistutukset<\/li><li>Kodinhoito<\/li><li>Liikkuminen<\/li><li>Yhteiskunnallinen osallistuminen<\/li><li>Sosiaalisen vuorovaikutuksen yll\u00e4pito<\/li><\/ul>\t\t\t\t\t<\/div>\n\t\t\t\t\t\t<\/div>\n\t\t\t\t<\/div>\n\t\t\t\t\t\t<\/div>\n\t\t\t\t\t<\/div>\n\t\t<\/div>\n\t\t\t\t\t\t\t\t<\/div>\n\t\t\t\t\t<\/div>\n\t\t<\/section>\n\t\t\t\t<section class=\"elementor-section elementor-top-section elementor-element elementor-element-cae309a animated-slow elementor-section-boxed elementor-section-height-default elementor-section-height-default elementor-invisible\" data-id=\"cae309a\" data-element_type=\"section\" data-settings=\"{&quot;background_background&quot;:&quot;classic&quot;,&quot;animation&quot;:&quot;fadeIn&quot;}\">\n\t\t\t\t\t\t<div class=\"elementor-container elementor-column-gap-default\">\n\t\t\t\t\t\t\t<div class=\"elementor-row\">\n\t\t\t\t\t<div class=\"elementor-column elementor-col-100 elementor-top-column elementor-element elementor-element-59af5f8\" data-id=\"59af5f8\" data-element_type=\"column\">\n\t\t\t<div class=\"elementor-column-wrap elementor-element-populated\">\n\t\t\t\t\t\t\t<div class=\"elementor-widget-wrap\">\n\t\t\t\t\t\t<div class=\"elementor-element elementor-element-23a61f6 elementor-widget elementor-widget-heading\" data-id=\"23a61f6\" data-element_type=\"widget\" data-widget_type=\"heading.default\">\n\t\t\t\t<div class=\"elementor-widget-container\">\n\t\t\t<h2 class=\"elementor-heading-title elementor-size-default\">Palveluiden tilaaminen<\/h2>\t\t<\/div>\n\t\t\t\t<\/div>\n\t\t\t\t<div class=\"elementor-element elementor-element-71cb2c1 elementor-widget elementor-widget-text-editor\" data-id=\"71cb2c1\" data-element_type=\"widget\" data-widget_type=\"text-editor.default\">\n\t\t\t\t<div class=\"elementor-widget-container\">\n\t\t\t\t\t\t\t\t<div class=\"elementor-text-editor elementor-clearfix\">\n\t\t\t\t<p>Kiinnostuitko palveluistamme? Tilaaminen on helppoa.<br>T\u00e4yt\u00e4 vain oheinen lomake, niin olemme sinuun yhteydess\u00e4 mahdollisimman pian:<\/p>\t\t\t\t\t<\/div>\n\t\t\t\t\t\t<\/div>\n\t\t\t\t<\/div>\n\t\t\t\t<div class=\"elementor-element elementor-element-a84639f elementor-align-center elementor-widget elementor-widget-button\" data-id=\"a84639f\" data-element_type=\"widget\" data-widget_type=\"button.default\">\n\t\t\t\t<div class=\"elementor-widget-container\">\n\t\t\t\t\t<div class=\"elementor-button-wrapper\">\n\t\t\t<a href=\"http:\/\/www.taitohoito.fi\/?page_id=221\" class=\"elementor-button-link elementor-button elementor-size-lg\" role=\"button\">\n\t\t\t\t\t\t<span class=\"elementor-button-content-wrapper\">\n\t\t\t\t\t\t<span class=\"elementor-button-text\">Siirry tilauslomakkeeseen<\/span>\n\t\t<\/span>\n\t\t\t\t\t<\/a>\n\t\t<\/div>\n\t\t\t\t<\/div>\n\t\t\t\t<\/div>\n\t\t\t\t\t\t<\/div>\n\t\t\t\t\t<\/div>\n\t\t<\/div>\n\t\t\t\t\t\t\t\t<\/div>\n\t\t\t\t\t<\/div>\n\t\t<\/section>\n\t\t\t\t\t\t\t\t\t<\/div>\n\t\t\t<\/div>\n\t\t\t\t\t<\/div>\n\t\t","protected":false},"excerpt":{"rendered":"<p>Henkil\u00f6kohtainen avustaminen Huolenpitoa ja r\u00e4\u00e4t\u00e4l\u00f6ity\u00e4 apua kaikkiin tilanteisiin Apua arjen toimissa Henkil\u00f6kohtaisen avustamisen tarkoituksena on auttaa vammaista henkil\u00f6\u00e4 kaikissa niiss\u00e4 asioissa, joihin h\u00e4n ei en\u00e4\u00e4 itsen\u00e4isesti kykene. N\u00e4in h\u00e4n voi jatkaa asumista omassa kodissaan, toteuttaa omia valintojaan ja nauttia turvallisesta el\u00e4m\u00e4nmenosta. Avustaja on l\u00e4sn\u00e4 vammaisen ihmisen el\u00e4m\u00e4ss\u00e4 h\u00e4nen ja h\u00e4nen perheens\u00e4 omilla ehdoilla. Palveluun voi&hellip;&nbsp;<a href=\"https:\/\/www.taitohoito.fi\/?page_id=14\" class=\"\" rel=\"bookmark\">Read More &raquo;<span class=\"screen-reader-text\">Henkil\u00f6kohtainen avustaminen<\/span><\/a><\/p>\n","protected":false},"author":1,"featured_media":0,"parent":0,"menu_order":0,"comment_status":"closed","ping_status":"closed","template":"page-templates\/template-pagebuilder-full-width.php","meta":[],"_links":{"self":[{"href":"https:\/\/www.taitohoito.fi\/index.php?rest_route=\/wp\/v2\/pages\/14"}],"collection":[{"href":"https:\/\/www.taitohoito.fi\/index.php?rest_route=\/wp\/v2\/pages"}],"about":[{"href":"https:\/\/www.taitohoito.fi\/index.php?rest_route=\/wp\/v2\/types\/page"}],"author":[{"embeddable":true,"href":"https:\/\/www.taitohoito.fi\/index.php?rest_route=\/wp\/v2\/users\/1"}],"replies":[{"embeddable":true,"href":"https:\/\/www.taitohoito.fi\/index.php?rest_route=%2Fwp%2Fv2%2Fcomments&post=14"}],"version-history":[{"count":31,"href":"https:\/\/www.taitohoito.fi\/index.php?rest_route=\/wp\/v2\/pages\/14\/revisions"}],"predecessor-version":[{"id":681,"href":"https:\/\/www.taitohoito.fi\/index.php?rest_route=\/wp\/v2\/pages\/14\/revisions\/681"}],"wp:attachment":[{"href":"https:\/\/www.taitohoito.fi\/index.php?rest_route=%2Fwp%2Fv2%2Fmedia&parent=14"}],"curies":[{"name":"wp","href":"https:\/\/api.w.org\/{rel}","templated":true}]}}